{"id":250533,"date":"2022-07-27T19:23:28","date_gmt":"2022-07-27T19:23:28","guid":{"rendered":"https:\/\/immobarcelo.es\/?page_id=250533"},"modified":"2022-07-27T19:25:17","modified_gmt":"2022-07-27T19:25:17","slug":"politica-de-cookies","status":"publish","type":"page","link":"https:\/\/immobarcelo.es\/ca\/politica-de-cookies\/","title":{"rendered":"Pol\u00edtica de cookies"},"content":{"rendered":"<h2><strong>QU\u00c8 S\u00d3N LES COOKIES<\/strong>?<\/h2>\n<p>Les cookies i altres tecnologies similars com ara local shared objects, flash cookies o p\u00edxels, s\u00f3n eines emprades pels servidors web per a emmagatzemar i recuperar informaci\u00f3 sobre els seus visitants, aix\u00ed com per oferir un correcte funcionament de el lloc. Mitjan\u00e7ant l&#8217;\u00fas d&#8217;aquests dispositius es permet el servidor web recordar algunes dades relatives a l&#8217;usuari, com les seves prefer\u00e8ncies per a la visualitzaci\u00f3 de les p\u00e0gines d&#8217;aquest servidor, nom i contrasenya, productes que m\u00e9s li interessen, etc.<\/p>\n<p><strong><em>COOKIES AFECTADES PER LA NORMATIVA I COOKIES EXCEPTUADES: <\/em><\/strong><\/p>\n<p>Segons la directiva de la UE, les galetes que requereixen el consentiment informat per part de l&#8217;usuari s\u00f3n les galetes d&#8217;anal\u00edtica i les de publicitat i afiliaci\u00f3, quedant exceptuades les de car\u00e0cter t\u00e8cnic i les necess\u00e0ries per al funcionament de la p\u00e0gina web o la prestaci\u00f3 de serveis expressament sol\u00b7licitats per l&#8217;usuari.<\/p>\n<h2><strong>TIPUS DE COOKIES<\/strong>:<\/h2>\n<p><strong>SEGONS LA FINALITAT<\/strong>:<\/p>\n<ul>\n<li>Galetes t\u00e8cniques i funcionals: s\u00f3n aquelles que permeten a l&#8217;usuari la navegaci\u00f3 a trav\u00e9s d&#8217;una p\u00e0gina web, plataforma o aplicaci\u00f3 i la utilitzaci\u00f3 de les diferents opcions o serveis que en ella hi hagi.<\/li>\n<li>Galetes anal\u00edtiques: s\u00f3n aquelles que permeten el responsable de les mateixes el seguiment i an\u00e0lisi de l&#8217;comportament dels usuaris dels llocs web als que estan vinculades. La informaci\u00f3 recollida mitjan\u00e7ant aquest tipus de cookies s\u2019utilitza en el mesurament de l&#8217;activitat dels llocs web, aplicaci\u00f3 o plataforma i per a l&#8217;elaboraci\u00f3 de perfils de navegaci\u00f3 dels usuaris d&#8217;aquests llocs, aplicacions i plataformes, per tal d&#8217;introduir millores en funci\u00f3 de l&#8217;an\u00e0lisi de les dades d&#8217;\u00fas que fan els usuaris de el servei.<\/li>\n<li>Galetes publicit\u00e0ries: s\u00f3n aquelles que permeten la gesti\u00f3, de la forma m\u00e9s efica\u00e7 possible, dels espais publicitaris que, si escau, l&#8217;editor hagi incl\u00f2s en una p\u00e0gina web, aplicaci\u00f3 o plataforma des de la qual presta el servei sol\u00b7licitat en base a criteris com el contingut editat o la freq\u00fc\u00e8ncia en qu\u00e8 es mostren els anuncis. Galetes de publicitat comportamental: recullen informaci\u00f3 sobre les prefer\u00e8ncies i eleccions personals de l&#8217;usuari (retargeting) per permetre la gesti\u00f3, de la forma m\u00e9s efica\u00e7 possible, dels espais publicitaris que, si escau, l&#8217;editor hagi incl\u00f2s en una p\u00e0gina web, aplicaci\u00f3 o plataforma des de la qual presta el servei sol\u00b7licitat.<\/li>\n<li>Galetes socials: s\u00f3n establertes per les plataformes de xarxes socials en els serveis per permetre-compartir contingut amb els seus amics i xarxes. Les plataformes de mitjans socials tenen la capacitat de rastrejar la seva activitat en l\u00ednia fora dels Serveis. Aix\u00f2 pot afectar el contingut i els missatges que veu en altres serveis que visita.<\/li>\n<li>Galetes d&#8217;afiliats: permeten fer un seguiment de les visites procedents d&#8217;altres webs, amb les que el lloc web estableix un contracte d&#8217;afiliaci\u00f3 (empreses d&#8217;afiliaci\u00f3)<\/li>\n<li>Galetes de seguretat: emmagatzemen informaci\u00f3 xifrada per evitar que les dades guardades en elles siguin vulnerables a atacs maliciosos de tercers.<\/li>\n<\/ul>\n<p><strong>SEGONS LA PROPIETAT:<\/strong><\/p>\n<ul>\n<li>Galetes pr\u00f2pies: s\u00f3n aquelles que s&#8217;envien a l&#8217;equip terminal de l&#8217;usuari des d&#8217;un equip o domini gestionat pel propi editor i des del qual es presta el servei sol\u00b7licitat per l&#8217;usuari.<\/li>\n<li>Galetes de tercers: s\u00f3n aquelles que s&#8217;envien a l&#8217;equip terminal de l&#8217;usuari des d&#8217;un equip o domini que no \u00e9s gestionat per l&#8217;editor, sin\u00f3 per una altra entitat que tracta les dades obtingudes mitjan\u00e7ant les cookies.<\/li>\n<\/ul>\n<p><strong>SEGONS EL TERMINI DE CONSERVACI\u00d3<\/strong>:<\/p>\n<ul>\n<li>Galetes de sessi\u00f3: s\u00f3n un tipus de galetes dissenyades per a demanar i emmagatzemar dades mentre l&#8217;usuari accedeix a una p\u00e0gina web.<\/li>\n<li>Galetes persistents: s\u00f3n un tipus de galetes en el qual les dades segueixen emmagatzemats en el terminal i poden ser accedits i tractats durant un per\u00edode definit pel responsable de la galeta, i que pot anar d&#8217;uns minuts a diversos anys.<\/li>\n<\/ul>\n<h2><strong>TRACTAMENT DE DADES PERSONALS<\/strong>:<\/h2>\n<p>Immobarcelo Legal SL \u00e9s el responsable de l&#8217;tractament de les dades personals de l&#8217;Interessat i li informa que aquestes dades seran tractades de conformitat amb el que disposa el Reglament (UE) 2016\/679, de 27 d&#8217;abril de 2016 (GDPR), per la qual que se li facilita la seg\u00fcent informaci\u00f3 del tractament:<\/p>\n<ul>\n<li>Finalitat del tractament: segons s&#8217;especifica en l&#8217;apartat de cookies que s&#8217;utilitzen en aquest lloc web.<\/li>\n<li>Legitimaci\u00f3 del tractament: per consentiment de l&#8217;interessat (art. 6.1 GDPR).<\/li>\n<li>Criteris de conservaci\u00f3 de les dades: segons s&#8217;especifica en l&#8217;apartat de galetes utilitzades al web.<\/li>\n<li>Comunicaci\u00f3 de les dades: no es comunicaran les dades a tercers, excepte en galetes propietat de tercers o per obligaci\u00f3 legal.<\/li>\n<\/ul>\n<p>Drets que assisteixen a l&#8217;Interessat:<\/p>\n<ul>\n<li>Dret a retirar el consentiment en qualsevol moment.<\/li>\n<li>Dret d&#8217;acc\u00e9s, rectificaci\u00f3, portabilitat i supressi\u00f3 de les seves dades, i de limitaci\u00f3 o oposici\u00f3 al seu tractament.<\/li>\n<li>Dret a presentar una reclamaci\u00f3 davant l&#8217;Autoritat de control (www.aepd.es) si considera que el tractament no s&#8217;ajusta a la normativa vigent.<\/li>\n<\/ul>\n<p>Dades de contacte per exercir els seus drets: Immobarcelo legal SL. Carrer de Pujades, 183, local 2 &#8211; 08005 Barcelona (Barcelona) info@immobarcelo.es Des d&#8217;aquest panell podr\u00e0 configurar les galetes que el lloc web pot instal\u00b7lar en el seu navegat, excepte les galetes t\u00e8cniques o funcionals que s\u00f3n necess\u00e0ries per a la navegaci\u00f3 i la utilitzaci\u00f3 de les diferents opcions o serveis que s&#8217;ofereixen. Les galetes seleccionades indiquen que l&#8217;usuari autoritza la instal\u00b7laci\u00f3 en el seu navegador i el tractament de dades sota les condicions reflectides en la Pol\u00edtica de cookies.<\/p>\n<h2>COOKIES UTILITZADES A LA NOSTRA WEB<\/h2>\n<p><strong>Denominaci\u00f3: PHPSESSID<\/strong><\/p>\n<ul>\n<li>Titular: Cookie T\u00e8cnica<\/li>\n<li>Durada: Sessi\u00f3<\/li>\n<li>Cont\u00e9 l&#8217;identificador de la sessi\u00f3. S&#8217;elimina a l&#8217;tancar el navegador.<\/li>\n<\/ul>\n<p><strong>Denominaci\u00f3: analiticscookie<\/strong><\/p>\n<ul>\n<li>Titular: Cookie T\u00e8cnica<\/li>\n<li>Durada: 300 dies<\/li>\n<li>Aquesta galeta ofereix perm\u00eds per instal\u00b7lar Google Analytics en el nostre website.<\/li>\n<\/ul>\n<p><strong>Denominaci\u00f3: recordar<\/strong><\/p>\n<ul>\n<li>Titular: Cookie Necesaria<\/li>\n<li>Durada: 300 dies<\/li>\n<li>Mitjan\u00e7ant aquesta galeta podem oferir-li la funcionalitat de recordar la seva selecci\u00f3 i prefer\u00e8ncies per al guardat de galetes.<\/li>\n<\/ul>\n<p><strong>Denominaci\u00f3: _gat<\/strong><\/p>\n<ul>\n<li>Titular: Google Analytics \/ Cookie necesaria<\/li>\n<li>Durada: 1 minut<\/li>\n<li>Serveix per limitar el nombre de sol\u00b7licituds<\/li>\n<\/ul>\n<p><strong>Denominaci\u00f3: _gid<\/strong><\/p>\n<ul>\n<li>Titular: Google Analytics \/ Cookie necesaria<\/li>\n<li>Durada: 1 d\u00eda<\/li>\n<li>Serveix per identificar els usuaris de forma an\u00f2nima.<\/li>\n<\/ul>\n<p><strong>Denominaci\u00f3: _ga<\/strong><\/p>\n<ul>\n<li>Titular: Google Analytics \/ Cookie necesaria<\/li>\n<li>Durada: 2 anys<\/li>\n<li>erveix per poder saber les p\u00e0gines visitades de forma an\u00f2nima.<\/li>\n<\/ul>\n<h2>COM ES DESACTIVEN LES GALETES ALS NAVEGADORS?<\/h2>\n<p>L&#8217;usuari pot, en qualsevol moment, permetre, bloquejar o eliminar les cookies instal\u00b7lades en el seu equip mitjan\u00e7ant la modificaci\u00f3 dels par\u00e0metres de configuraci\u00f3 de el navegador en el vostre ordinador:<\/p>\n<ul>\n<li>Chrome Configuraci\u00f3 -&gt; Mostra opcions avan\u00e7ades -&gt; Privadesa -&gt; Configuraci\u00f3 de l&#8217;contingut. Per a m\u00e9s informaci\u00f3, podeu consultar el suport de Google o l&#8217;Ajuda de el navegador.<\/li>\n<li>Explorer Eines -&gt; Opcions d&#8217;Internet -&gt; Privacitat -&gt; Configuraci\u00f3. Per a m\u00e9s informaci\u00f3, pot consultar el suport de Microsoft o l&#8217;Ajuda de el navegador.<\/li>\n<li>Firefox: Eines -&gt; Opcions -&gt; Privadesa -&gt; Hist\u00f2ric -&gt; Configuraci\u00f3 Personalitzada. Per a m\u00e9s informaci\u00f3, podeu consultar el suport de Mozilla o l&#8217;Ajuda de el navegador.<\/li>\n<li>Safari Prefer\u00e8ncies -&gt; Seguretat. Per a m\u00e9s informaci\u00f3, pot consultar el suport d&#8217;Apple o l&#8217;Ajuda de el navegador.<\/li>\n<\/ul>\n<p>La desactivaci\u00f3 de les cookies no impedeix la navegaci\u00f3 pel lloc web, encara que l&#8217;\u00fas d&#8217;alguns dels seus serveis podr\u00e0 ser limitat i, per tant, la seva experi\u00e8ncia de navegaci\u00f3 pot ser menys satisfact\u00f2ria.<\/p>\n","protected":false},"excerpt":{"rendered":"<p>QU\u00c8 S\u00d3N LES COOKIES? Les cookies i altres tecnologies similars com ara local shared objects, flash cookies o p\u00edxels, s\u00f3n eines emprades pels servidors web per a emmagatzemar i recuperar informaci\u00f3 sobre els seus visitants, aix\u00ed com per oferir un correcte funcionament de el lloc. Mitjan\u00e7ant l&#8217;\u00fas d&#8217;aquests dispositius es permet el servidor web recordar [&hellip;]<\/p>\n","protected":false},"author":1,"featured_media":0,"parent":0,"menu_order":0,"comment_status":"closed","ping_status":"closed","template":"","meta":{"_acf_changed":false,"footnotes":""},"class_list":["post-250533","page","type-page","status-publish","hentry"],"acf":[],"yoast_head":"<!-- This site is optimized with the Yoast SEO plugin v27.3 - https:\/\/yoast.com\/product\/yoast-seo-wordpress\/ -->\n<title>Pol\u00edtica de cookies - ImmoBarcel\u00f3<\/title>\n<meta name=\"robots\" content=\"index, follow, max-snippet:-1, max-image-preview:large, max-video-preview:-1\" \/>\n<link rel=\"canonical\" href=\"https:\/\/immobarcelo.es\/ca\/politica-de-cookies\/\" \/>\n<meta property=\"og:locale\" content=\"ca_ES\" \/>\n<meta property=\"og:type\" content=\"article\" \/>\n<meta property=\"og:title\" content=\"Pol\u00edtica de cookies - ImmoBarcel\u00f3\" \/>\n<meta property=\"og:description\" content=\"QU\u00c8 S\u00d3N LES COOKIES? Les cookies i altres tecnologies similars com ara local shared objects, flash cookies o p\u00edxels, s\u00f3n eines emprades pels servidors web per a emmagatzemar i recuperar informaci\u00f3 sobre els seus visitants, aix\u00ed com per oferir un correcte funcionament de el lloc. Mitjan\u00e7ant l&#8217;\u00fas d&#8217;aquests dispositius es permet el servidor web recordar [&hellip;]\" \/>\n<meta property=\"og:url\" content=\"https:\/\/immobarcelo.es\/ca\/politica-de-cookies\/\" \/>\n<meta property=\"og:site_name\" content=\"ImmoBarcel\u00f3\" \/>\n<meta property=\"article:modified_time\" content=\"2022-07-27T19:25:17+00:00\" \/>\n<meta property=\"og:image\" content=\"https:\/\/immobarcelo.es\/wp-content\/uploads\/2022\/07\/home.jpg\" \/>\n\t<meta property=\"og:image:width\" content=\"2560\" \/>\n\t<meta property=\"og:image:height\" content=\"1696\" \/>\n\t<meta property=\"og:image:type\" content=\"image\/jpeg\" \/>\n<meta name=\"twitter:card\" content=\"summary_large_image\" \/>\n<meta name=\"twitter:label1\" content=\"Est. reading time\" \/>\n\t<meta name=\"twitter:data1\" content=\"6 minutes\" \/>\n<script type=\"application\/ld+json\" class=\"yoast-schema-graph\">{\"@context\":\"https:\\\/\\\/schema.org\",\"@graph\":[{\"@type\":\"WebPage\",\"@id\":\"https:\\\/\\\/immobarcelo.es\\\/ca\\\/politica-de-cookies\\\/\",\"url\":\"https:\\\/\\\/immobarcelo.es\\\/ca\\\/politica-de-cookies\\\/\",\"name\":\"Pol\u00edtica de cookies - ImmoBarcel\u00f3\",\"isPartOf\":{\"@id\":\"https:\\\/\\\/immobarcelo.es\\\/ca\\\/#website\"},\"datePublished\":\"2022-07-27T19:23:28+00:00\",\"dateModified\":\"2022-07-27T19:25:17+00:00\",\"inLanguage\":\"ca\",\"potentialAction\":[{\"@type\":\"ReadAction\",\"target\":[\"https:\\\/\\\/immobarcelo.es\\\/ca\\\/politica-de-cookies\\\/\"]}]},{\"@type\":\"WebSite\",\"@id\":\"https:\\\/\\\/immobarcelo.es\\\/ca\\\/#website\",\"url\":\"https:\\\/\\\/immobarcelo.es\\\/ca\\\/\",\"name\":\"ImmoBarcel\u00f3\",\"description\":\"Otro sitio realizado con WordPress\",\"potentialAction\":[{\"@type\":\"SearchAction\",\"target\":{\"@type\":\"EntryPoint\",\"urlTemplate\":\"https:\\\/\\\/immobarcelo.es\\\/ca\\\/?s={search_term_string}\"},\"query-input\":{\"@type\":\"PropertyValueSpecification\",\"valueRequired\":true,\"valueName\":\"search_term_string\"}}],\"inLanguage\":\"ca\"}]}<\/script>\n<!-- \/ Yoast SEO plugin. -->","yoast_head_json":{"title":"Pol\u00edtica de cookies - ImmoBarcel\u00f3","robots":{"index":"index","follow":"follow","max-snippet":"max-snippet:-1","max-image-preview":"max-image-preview:large","max-video-preview":"max-video-preview:-1"},"canonical":"https:\/\/immobarcelo.es\/ca\/politica-de-cookies\/","og_locale":"ca_ES","og_type":"article","og_title":"Pol\u00edtica de cookies - ImmoBarcel\u00f3","og_description":"QU\u00c8 S\u00d3N LES COOKIES? Les cookies i altres tecnologies similars com ara local shared objects, flash cookies o p\u00edxels, s\u00f3n eines emprades pels servidors web per a emmagatzemar i recuperar informaci\u00f3 sobre els seus visitants, aix\u00ed com per oferir un correcte funcionament de el lloc. Mitjan\u00e7ant l&#8217;\u00fas d&#8217;aquests dispositius es permet el servidor web recordar [&hellip;]","og_url":"https:\/\/immobarcelo.es\/ca\/politica-de-cookies\/","og_site_name":"ImmoBarcel\u00f3","article_modified_time":"2022-07-27T19:25:17+00:00","og_image":[{"width":2560,"height":1696,"url":"https:\/\/immobarcelo.es\/wp-content\/uploads\/2022\/07\/home.jpg","type":"image\/jpeg"}],"twitter_card":"summary_large_image","twitter_misc":{"Est. reading time":"6 minutes"},"schema":{"@context":"https:\/\/schema.org","@graph":[{"@type":"WebPage","@id":"https:\/\/immobarcelo.es\/ca\/politica-de-cookies\/","url":"https:\/\/immobarcelo.es\/ca\/politica-de-cookies\/","name":"Pol\u00edtica de cookies - ImmoBarcel\u00f3","isPartOf":{"@id":"https:\/\/immobarcelo.es\/ca\/#website"},"datePublished":"2022-07-27T19:23:28+00:00","dateModified":"2022-07-27T19:25:17+00:00","inLanguage":"ca","potentialAction":[{"@type":"ReadAction","target":["https:\/\/immobarcelo.es\/ca\/politica-de-cookies\/"]}]},{"@type":"WebSite","@id":"https:\/\/immobarcelo.es\/ca\/#website","url":"https:\/\/immobarcelo.es\/ca\/","name":"ImmoBarcel\u00f3","description":"Otro sitio realizado con WordPress","potentialAction":[{"@type":"SearchAction","target":{"@type":"EntryPoint","urlTemplate":"https:\/\/immobarcelo.es\/ca\/?s={search_term_string}"},"query-input":{"@type":"PropertyValueSpecification","valueRequired":true,"valueName":"search_term_string"}}],"inLanguage":"ca"}]}},"_links":{"self":[{"href":"https:\/\/immobarcelo.es\/ca\/wp-json\/wp\/v2\/pages\/250533","targetHints":{"allow":["GET"]}}],"collection":[{"href":"https:\/\/immobarcelo.es\/ca\/wp-json\/wp\/v2\/pages"}],"about":[{"href":"https:\/\/immobarcelo.es\/ca\/wp-json\/wp\/v2\/types\/page"}],"author":[{"embeddable":true,"href":"https:\/\/immobarcelo.es\/ca\/wp-json\/wp\/v2\/users\/1"}],"replies":[{"embeddable":true,"href":"https:\/\/immobarcelo.es\/ca\/wp-json\/wp\/v2\/comments?post=250533"}],"version-history":[{"count":1,"href":"https:\/\/immobarcelo.es\/ca\/wp-json\/wp\/v2\/pages\/250533\/revisions"}],"predecessor-version":[{"id":250535,"href":"https:\/\/immobarcelo.es\/ca\/wp-json\/wp\/v2\/pages\/250533\/revisions\/250535"}],"wp:attachment":[{"href":"https:\/\/immobarcelo.es\/ca\/wp-json\/wp\/v2\/media?parent=250533"}],"curies":[{"name":"wp","href":"https:\/\/api.w.org\/{rel}","templated":true}]}}