{"id":253741,"date":"2025-05-18T17:31:58","date_gmt":"2025-05-18T17:31:58","guid":{"rendered":"https:\/\/immobarcelo.es\/?page_id=253741"},"modified":"2025-05-18T19:33:12","modified_gmt":"2025-05-18T19:33:12","slug":"immobiliaria-sant-marti","status":"publish","type":"page","link":"https:\/\/immobarcelo.es\/ca\/immobiliaria-sant-marti\/","title":{"rendered":"Immobili\u00e0ria Sant Mart\u00ed"},"content":{"rendered":"","protected":false},"excerpt":{"rendered":"","protected":false},"author":1,"featured_media":250937,"parent":0,"menu_order":0,"comment_status":"closed","ping_status":"closed","template":"page-landing.php","meta":{"_acf_changed":false,"footnotes":""},"class_list":["post-253741","page","type-page","status-publish","has-post-thumbnail","hentry"],"acf":[],"yoast_head":"<!-- This site is optimized with the Yoast SEO plugin v27.3 - https:\/\/yoast.com\/product\/yoast-seo-wordpress\/ -->\n<title>Ag\u00e8ncia Immobili\u00e0ria a Sant Mart\u00ed de Confian\u00e7a - ImmoBarcel\u00f3<\/title>\n<meta name=\"description\" content=\"Ag\u00e8ncia Immobili\u00e0ria a Sant Mart\u00ed. Gesti\u00f3 de venda i lloguer d&#039;immobles. Lloga, Compra o Ven el teu Pis a Sant Mart\u00ed al Millor Preu.\" \/>\n<meta name=\"robots\" content=\"index, follow, max-snippet:-1, max-image-preview:large, max-video-preview:-1\" \/>\n<link rel=\"canonical\" href=\"https:\/\/immobarcelo.es\/ca\/immobiliaria-sant-marti\/\" \/>\n<meta property=\"og:locale\" content=\"ca_ES\" \/>\n<meta property=\"og:type\" content=\"article\" \/>\n<meta property=\"og:title\" content=\"Ag\u00e8ncia Immobili\u00e0ria a Sant Mart\u00ed de Confian\u00e7a - ImmoBarcel\u00f3\" \/>\n<meta property=\"og:description\" content=\"Ag\u00e8ncia Immobili\u00e0ria a Sant Mart\u00ed. Gesti\u00f3 de venda i lloguer d&#039;immobles. Lloga, Compra o Ven el teu Pis a Sant Mart\u00ed al Millor Preu.\" \/>\n<meta property=\"og:url\" content=\"https:\/\/immobarcelo.es\/ca\/immobiliaria-sant-marti\/\" \/>\n<meta property=\"og:site_name\" content=\"ImmoBarcel\u00f3\" \/>\n<meta property=\"article:modified_time\" content=\"2025-05-18T19:33:12+00:00\" \/>\n<meta property=\"og:image\" content=\"https:\/\/immobarcelo.es\/wp-content\/uploads\/2022\/08\/ps.jpg\" \/>\n\t<meta property=\"og:image:width\" content=\"2020\" \/>\n\t<meta property=\"og:image:height\" content=\"1087\" \/>\n\t<meta property=\"og:image:type\" content=\"image\/jpeg\" \/>\n<meta name=\"twitter:card\" content=\"summary_large_image\" \/>\n<meta name=\"twitter:label1\" content=\"Est. reading time\" \/>\n\t<meta name=\"twitter:data1\" content=\"1 minute\" \/>\n<script type=\"application\/ld+json\" class=\"yoast-schema-graph\">{\"@context\":\"https:\\\/\\\/schema.org\",\"@graph\":[{\"@type\":\"WebPage\",\"@id\":\"https:\\\/\\\/immobarcelo.es\\\/ca\\\/immobiliaria-sant-marti\\\/\",\"url\":\"https:\\\/\\\/immobarcelo.es\\\/ca\\\/immobiliaria-sant-marti\\\/\",\"name\":\"Ag\u00e8ncia Immobili\u00e0ria a Sant Mart\u00ed de Confian\u00e7a - ImmoBarcel\u00f3\",\"isPartOf\":{\"@id\":\"https:\\\/\\\/immobarcelo.es\\\/ca\\\/#website\"},\"primaryImageOfPage\":{\"@id\":\"https:\\\/\\\/immobarcelo.es\\\/ca\\\/immobiliaria-sant-marti\\\/#primaryimage\"},\"image\":{\"@id\":\"https:\\\/\\\/immobarcelo.es\\\/ca\\\/immobiliaria-sant-marti\\\/#primaryimage\"},\"thumbnailUrl\":\"https:\\\/\\\/immobarcelo.es\\\/wp-content\\\/uploads\\\/2022\\\/08\\\/ps.jpg\",\"datePublished\":\"2025-05-18T17:31:58+00:00\",\"dateModified\":\"2025-05-18T19:33:12+00:00\",\"description\":\"Ag\u00e8ncia Immobili\u00e0ria a Sant Mart\u00ed. Gesti\u00f3 de venda i lloguer d'immobles. Lloga, Compra o Ven el teu Pis a Sant Mart\u00ed al Millor Preu.\",\"inLanguage\":\"ca\",\"potentialAction\":[{\"@type\":\"ReadAction\",\"target\":[\"https:\\\/\\\/immobarcelo.es\\\/ca\\\/immobiliaria-sant-marti\\\/\"]}]},{\"@type\":\"ImageObject\",\"inLanguage\":\"ca\",\"@id\":\"https:\\\/\\\/immobarcelo.es\\\/ca\\\/immobiliaria-sant-marti\\\/#primaryimage\",\"url\":\"https:\\\/\\\/immobarcelo.es\\\/wp-content\\\/uploads\\\/2022\\\/08\\\/ps.jpg\",\"contentUrl\":\"https:\\\/\\\/immobarcelo.es\\\/wp-content\\\/uploads\\\/2022\\\/08\\\/ps.jpg\",\"width\":2020,\"height\":1087},{\"@type\":\"WebSite\",\"@id\":\"https:\\\/\\\/immobarcelo.es\\\/ca\\\/#website\",\"url\":\"https:\\\/\\\/immobarcelo.es\\\/ca\\\/\",\"name\":\"ImmoBarcel\u00f3\",\"description\":\"Otro sitio realizado con WordPress\",\"potentialAction\":[{\"@type\":\"SearchAction\",\"target\":{\"@type\":\"EntryPoint\",\"urlTemplate\":\"https:\\\/\\\/immobarcelo.es\\\/ca\\\/?s={search_term_string}\"},\"query-input\":{\"@type\":\"PropertyValueSpecification\",\"valueRequired\":true,\"valueName\":\"search_term_string\"}}],\"inLanguage\":\"ca\"}]}<\/script>\n<!-- \/ Yoast SEO plugin. -->","yoast_head_json":{"title":"Ag\u00e8ncia Immobili\u00e0ria a Sant Mart\u00ed de Confian\u00e7a - ImmoBarcel\u00f3","description":"Ag\u00e8ncia Immobili\u00e0ria a Sant Mart\u00ed. Gesti\u00f3 de venda i lloguer d'immobles. Lloga, Compra o Ven el teu Pis a Sant Mart\u00ed al Millor Preu.","robots":{"index":"index","follow":"follow","max-snippet":"max-snippet:-1","max-image-preview":"max-image-preview:large","max-video-preview":"max-video-preview:-1"},"canonical":"https:\/\/immobarcelo.es\/ca\/immobiliaria-sant-marti\/","og_locale":"ca_ES","og_type":"article","og_title":"Ag\u00e8ncia Immobili\u00e0ria a Sant Mart\u00ed de Confian\u00e7a - ImmoBarcel\u00f3","og_description":"Ag\u00e8ncia Immobili\u00e0ria a Sant Mart\u00ed. Gesti\u00f3 de venda i lloguer d'immobles. Lloga, Compra o Ven el teu Pis a Sant Mart\u00ed al Millor Preu.","og_url":"https:\/\/immobarcelo.es\/ca\/immobiliaria-sant-marti\/","og_site_name":"ImmoBarcel\u00f3","article_modified_time":"2025-05-18T19:33:12+00:00","og_image":[{"width":2020,"height":1087,"url":"https:\/\/immobarcelo.es\/wp-content\/uploads\/2022\/08\/ps.jpg","type":"image\/jpeg"}],"twitter_card":"summary_large_image","twitter_misc":{"Est. reading time":"1 minute"},"schema":{"@context":"https:\/\/schema.org","@graph":[{"@type":"WebPage","@id":"https:\/\/immobarcelo.es\/ca\/immobiliaria-sant-marti\/","url":"https:\/\/immobarcelo.es\/ca\/immobiliaria-sant-marti\/","name":"Ag\u00e8ncia Immobili\u00e0ria a Sant Mart\u00ed de Confian\u00e7a - ImmoBarcel\u00f3","isPartOf":{"@id":"https:\/\/immobarcelo.es\/ca\/#website"},"primaryImageOfPage":{"@id":"https:\/\/immobarcelo.es\/ca\/immobiliaria-sant-marti\/#primaryimage"},"image":{"@id":"https:\/\/immobarcelo.es\/ca\/immobiliaria-sant-marti\/#primaryimage"},"thumbnailUrl":"https:\/\/immobarcelo.es\/wp-content\/uploads\/2022\/08\/ps.jpg","datePublished":"2025-05-18T17:31:58+00:00","dateModified":"2025-05-18T19:33:12+00:00","description":"Ag\u00e8ncia Immobili\u00e0ria a Sant Mart\u00ed. Gesti\u00f3 de venda i lloguer d'immobles. Lloga, Compra o Ven el teu Pis a Sant Mart\u00ed al Millor Preu.","inLanguage":"ca","potentialAction":[{"@type":"ReadAction","target":["https:\/\/immobarcelo.es\/ca\/immobiliaria-sant-marti\/"]}]},{"@type":"ImageObject","inLanguage":"ca","@id":"https:\/\/immobarcelo.es\/ca\/immobiliaria-sant-marti\/#primaryimage","url":"https:\/\/immobarcelo.es\/wp-content\/uploads\/2022\/08\/ps.jpg","contentUrl":"https:\/\/immobarcelo.es\/wp-content\/uploads\/2022\/08\/ps.jpg","width":2020,"height":1087},{"@type":"WebSite","@id":"https:\/\/immobarcelo.es\/ca\/#website","url":"https:\/\/immobarcelo.es\/ca\/","name":"ImmoBarcel\u00f3","description":"Otro sitio realizado con WordPress","potentialAction":[{"@type":"SearchAction","target":{"@type":"EntryPoint","urlTemplate":"https:\/\/immobarcelo.es\/ca\/?s={search_term_string}"},"query-input":{"@type":"PropertyValueSpecification","valueRequired":true,"valueName":"search_term_string"}}],"inLanguage":"ca"}]}},"_links":{"self":[{"href":"https:\/\/immobarcelo.es\/ca\/wp-json\/wp\/v2\/pages\/253741","targetHints":{"allow":["GET"]}}],"collection":[{"href":"https:\/\/immobarcelo.es\/ca\/wp-json\/wp\/v2\/pages"}],"about":[{"href":"https:\/\/immobarcelo.es\/ca\/wp-json\/wp\/v2\/types\/page"}],"author":[{"embeddable":true,"href":"https:\/\/immobarcelo.es\/ca\/wp-json\/wp\/v2\/users\/1"}],"replies":[{"embeddable":true,"href":"https:\/\/immobarcelo.es\/ca\/wp-json\/wp\/v2\/comments?post=253741"}],"version-history":[{"count":2,"href":"https:\/\/immobarcelo.es\/ca\/wp-json\/wp\/v2\/pages\/253741\/revisions"}],"predecessor-version":[{"id":253743,"href":"https:\/\/immobarcelo.es\/ca\/wp-json\/wp\/v2\/pages\/253741\/revisions\/253743"}],"wp:featuredmedia":[{"embeddable":true,"href":"https:\/\/immobarcelo.es\/ca\/wp-json\/wp\/v2\/media\/250937"}],"wp:attachment":[{"href":"https:\/\/immobarcelo.es\/ca\/wp-json\/wp\/v2\/media?parent=253741"}],"curies":[{"name":"wp","href":"https:\/\/api.w.org\/{rel}","templated":true}]}}